{"id":57,"date":"2015-03-25T06:14:40","date_gmt":"2015-03-25T06:14:40","guid":{"rendered":"http:\/\/iordacheanu.europrahova.eu\/wordpress\/?page_id=57"},"modified":"2015-10-23T10:07:14","modified_gmt":"2015-10-23T10:07:14","slug":"istoric-comuna","status":"publish","type":"page","link":"https:\/\/teisani.europrahova.eu\/wordpress\/istoric-comuna\/","title":{"rendered":"Istoric Comuna"},"content":{"rendered":"<p>La sf\u00e2r\u0219itul secolului al XIX-lea, comuna Tei\u0219ani era format\u0103 doar din satul de re\u0219edin\u021b\u0103, f\u0103cea parte din plaiul Teleajen din\u00a0jude\u021bul Prahova\u00a0\u0219i avea 1355 de locuitori. \u00cen comun\u0103 func\u021biona o \u0219coal\u0103 deschis\u0103 \u00een 1894, o moar\u0103 pe un iaz de l\u00e2ng\u0103\u00a0r\u00e2ul Teleajen\u00a0\u0219i dou\u0103 biserici ortodoxe\u00a0\u2014 una fondat\u0103 de locuitori \u00een 1878 \u0219i una mai veche, al c\u0103rui clopot purta o inscrip\u021bie ce arat\u0103 c\u0103 a fost turnat la 1786.<br \/>\nPe teritoriul actual al comunei era organizat\u0103 \u0219i comuna Olteni, format\u0103 din satele Olteni, \u0218tiubeiu \u0219i Valea St\u00e2lpului, av\u00e2nd 1200 de locuitori \u0219i 298 de case. \u00cen comuna Olteni func\u021bionau 2 mori de ap\u0103 pe Teleajen \u0219i dou\u0103 biserici ortodoxe\u00a0\u2014 una construit\u0103 \u00een 1870 pe locul alteia vechi \u00een satul \u0218tiubeiu; \u0219i alta \u00een Olteni, dat\u00e2nd din 1805. Satul Bughea de Sus apar\u021binea comunei Bughiile, \u0219i avea o biseric\u0103 ortodox\u0103 fondat\u0103 de localnici la 1837.<br \/>\n\u00cen perioada interbelic\u0103, situa\u021bia administrativ\u0103 s-a p\u0103strat. Astfel, \u00een 1925, dup\u0103 cum consemneaz\u0103 Anuarul Socec, comuna Tei\u0219ani avea 1538 de locuitori, \u00een vreme ce comuna Olteni avea 1485.<br \/>\n\u00cen 1950, comunele Tei\u0219ani, Olteni \u0219i Bughiile au fost arondate raionului Teleajen din\u00a0regiunea Prahova\u00a0\u0219i apoi (dup\u0103 1952) din\u00a0regiunea Ploie\u0219ti. \u00cen 1968, la reforma administrativ\u0103, jude\u021bul Prahova s-a re\u00eenfiin\u021bat, iar comunele Olteni \u0219i Bughiile s-au desfiin\u021bat, prima fiind inclus\u0103 \u00een \u00eentregime \u00een comuna Tei\u0219ani, iar cealalt\u0103 fiind \u00eemp\u0103r\u021bit\u0103 \u00eentre comunele Gura Vitioarei (satul de re\u0219edin\u021b\u0103,\u00a0Bughea de Jos) \u0219i Tei\u0219ani (satul Bughea de Sus).<\/p>\n<p>Atest\u0103rile documentare\u00a0ale comunei sunt \u00eens\u0103 destul de t\u00e2rzii, presupun\u00e2ndu-se c\u0103 a\u015fezarea Tei\u015fani ar fi luat fiin\u0163\u0103 prin sec. al XIV-lea. Tradi\u0163ia pomene\u015fte de un sat de t\u0103tari, care \u015fi-ar fi s\u0103l\u0103\u015fluit tab\u0103ra mai jos, spre r\u00e2ul Teleajen \u015fi tr\u0103iau din pr\u0103zi.<\/p>\n<p>O alt\u0103 surs\u0103 afirm\u0103 c\u0103 satul \u201eexista \u00een epoca desc\u0103lec\u0103rii\u201d, dovedit\u0103 de un document din sec. al XVI-lea , subsumat \u00eentr-o hot\u0103rnicie din sec. al XVIII-lea, din care rezult\u0103 c\u0103 \u201edintr-un singur str\u0103bun se trag trei mo\u015fi mari: Ivan, Ilie \u015fi Bratocea, care au st\u0103p\u00e2nit de la &#8220;desc\u0103lec\u0103toare\u201d mun\u0163ii Teleajenului \u015fi toat\u0103 Valea Teleajenului, p\u00e2n\u0103 la Valea St\u00e2lpului desupra V\u0103lenilor de Munte.<br \/>\nFaptul c\u0103 Tei\u015fanii apare \u00een registrele Brasovului \u00een anul 1529, certific\u0103 schimburile de m\u0103rfuri dintre localnici \u015fi locuitorii de peste mun\u0163i.<br \/>\nTei\u015fanii \u00eens\u0103 au intrat \u00een istorie odat\u0103 cu lupta dat\u0103 aici de oastea lui Radu \u015eerban.<br \/>\nO men\u0163iune documentar\u0103 a Tei\u015fanilor apare \u015fi \u00een anul 1788 \u2013 \u00een memoriile generalului Bauer, iar \u00een 1815 \u00een lucrarea \u201eIstoria general\u0103 a Daciei\u201d se men\u0163ioneaz\u0103 dou\u0103 sate: Tei\u015fanii Megie\u015fi \u015fi Tei\u015fanii Str\u0103ini.<\/p>\n<p>&nbsp;<\/p>\n","protected":false},"excerpt":{"rendered":"<p>La sf\u00e2r\u0219itul secolului al XIX-lea, comuna Tei\u0219ani era format\u0103 doar din satul de re\u0219edin\u021b\u0103, f\u0103cea parte din plaiul Teleajen din\u00a0jude\u021bul Prahova\u00a0\u0219i avea 1355 de locuitori. \u00cen comun\u0103 func\u021biona o \u0219coal\u0103 deschis\u0103 \u00een 1894, o moar\u0103 pe un iaz de l\u00e2ng\u0103\u00a0r\u00e2ul Teleajen\u00a0\u0219i dou\u0103 biserici ortodoxe\u00a0\u2014 una fondat\u0103 de locuitori \u00een 1878 \u0219i una mai veche, al <a class=\"continue\" href=\"https:\/\/teisani.europrahova.eu\/wordpress\/istoric-comuna\/\">[Continue]<\/a><\/p>\n","protected":false},"author":1,"featured_media":0,"parent":0,"menu_order":0,"comment_status":"closed","ping_status":"open","template":"","meta":{"footnotes":""},"class_list":["post-57","page","type-page","status-publish","hentry"],"_links":{"self":[{"href":"https:\/\/teisani.europrahova.eu\/wordpress\/wp-json\/wp\/v2\/pages\/57","targetHints":{"allow":["GET"]}}],"collection":[{"href":"https:\/\/teisani.europrahova.eu\/wordpress\/wp-json\/wp\/v2\/pages"}],"about":[{"href":"https:\/\/teisani.europrahova.eu\/wordpress\/wp-json\/wp\/v2\/types\/page"}],"author":[{"embeddable":true,"href":"https:\/\/teisani.europrahova.eu\/wordpress\/wp-json\/wp\/v2\/users\/1"}],"replies":[{"embeddable":true,"href":"https:\/\/teisani.europrahova.eu\/wordpress\/wp-json\/wp\/v2\/comments?post=57"}],"version-history":[{"count":6,"href":"https:\/\/teisani.europrahova.eu\/wordpress\/wp-json\/wp\/v2\/pages\/57\/revisions"}],"predecessor-version":[{"id":249,"href":"https:\/\/teisani.europrahova.eu\/wordpress\/wp-json\/wp\/v2\/pages\/57\/revisions\/249"}],"wp:attachment":[{"href":"https:\/\/teisani.europrahova.eu\/wordpress\/wp-json\/wp\/v2\/media?parent=57"}],"curies":[{"name":"wp","href":"https:\/\/api.w.org\/{rel}","templated":true}]}}