{"id":54,"date":"2015-03-25T06:14:02","date_gmt":"2015-03-25T06:14:02","guid":{"rendered":"http:\/\/iordacheanu.europrahova.eu\/wordpress\/?page_id=54"},"modified":"2015-10-23T10:07:52","modified_gmt":"2015-10-23T10:07:52","slug":"prezentare","status":"publish","type":"page","link":"https:\/\/teisani.europrahova.eu\/wordpress\/prezentare\/","title":{"rendered":"Prezentare"},"content":{"rendered":"<p><a href=\"https:\/\/teisani.europrahova.eu\/wordpress\/wp-content\/uploads\/2015\/03\/Intrarea-in-localitate.jpg\"><img loading=\"lazy\" decoding=\"async\" class=\"alignnone size-medium wp-image-407\" src=\"https:\/\/teisani.europrahova.eu\/wordpress\/wp-content\/uploads\/2015\/03\/Intrarea-in-localitate-300x225.jpg\" alt=\"Intrarea in localitate\" width=\"300\" height=\"225\" srcset=\"https:\/\/teisani.europrahova.eu\/wordpress\/wp-content\/uploads\/2015\/03\/Intrarea-in-localitate-300x225.jpg 300w, https:\/\/teisani.europrahova.eu\/wordpress\/wp-content\/uploads\/2015\/03\/Intrarea-in-localitate-1024x768.jpg 1024w\" sizes=\"auto, (max-width: 300px) 100vw, 300px\" \/><\/a><\/p>\n<p><strong>A\u0219ezare<\/strong><\/p>\n<p>Comuna se afl\u0103 \u00een partea central-nordic\u0103 a jude\u021bului, \u00een zona de deal spre munte, pe malul drept al r\u00e2ului Teleajen, satul de re\u0219edin\u021b\u0103 fiind situat la 6\u00a0km nord de ora\u0219ul V\u0103lenii de Munte. Comuna este str\u0103b\u0103tut\u0103 de \u0219oseaua na\u021bional\u0103 DN1A, care leag\u0103 Ploie\u0219tiul de Bra\u0219ov prin V\u0103lenii de Munte, \u0219osea din care se ramific\u0103 l\u00e2ng\u0103 Tei\u0219ani \u0219oseaua jude\u021bean\u0103 DJ100N, care duce spre vest c\u0103tre ora\u0219ul Sl\u0103nic. Din acest drum se ramific\u0103 la Tei\u0219ani \u0219oseaua jude\u021bean\u0103 DJ219 care duce la V\u0103lenii de Munte, unde se termin\u0103 tot \u00een DN1A.\u00a0Prin comun\u0103 trece calea ferat\u0103 Ploie\u0219ti Sud-M\u0103neciu, pe care comuna este deservit\u0103 de sta\u021bia Tei\u0219ani.<br \/>\n<!-- [if lt IE 7]>\n\n\n\n<style type=\"text\/css\">body{behavior:url(\"\/w\/static\/1.27.0-wmf.3\/skins\/Vector\/csshover.min.htc\")}<\/style>\n\n<![endif]--><script src=\"\/w\/load.php?debug=false&amp;lang=ro&amp;modules=jquery%2Cmediawiki&amp;only=scripts&amp;skin=vector&amp;version=sQ8du77j\"><\/script><script src=\"\/w\/index.php?title=MediaWiki:OSM.js&amp;action=raw&amp;ctype=text\/javascript\" type=\"text\/javascript\"><\/script><\/p>\n<div id=\"content\" class=\"mw-body\">\n<div id=\"bodyContent\" class=\"mw-body-content\">\n<div id=\"mw-content-text\" class=\"mw-content-ltr\" dir=\"ltr\" lang=\"ro\">\n<p><strong><span id=\"Demografie\" class=\"mw-headline\">Demografie<\/span><\/strong><\/p>\n<p>Conform recens\u0103m\u00e2ntului efectuat \u00een 2011, popula\u021bia comunei Tei\u0219ani se ridic\u0103 la 3.565 de\u00a0locuitori, \u00een sc\u0103dere fa\u021b\u0103 de recens\u0103m\u00e2ntul anterior din 2002, c\u00e2nd se \u00eenregistraser\u0103 4.035\u00a0de\u00a0locuitori.Majoritatea locuitorilor sunt rom\u00e2ni (98,04%). Pentru 1,96% din popula\u021bie, apartenen\u021ba etnic\u0103 nu este cunoscut\u0103.\u00a0Din punct de vedere confesional, majoritatea locuitorilor sunt ortodoc\u0219i (97,45%). Pentru 1,96% din popula\u021bie, nu este cunoscut\u0103 apartenen\u021ba confesional\u0103.<\/p>\n<p><strong>Clima<\/strong><\/p>\n<p>Climatul este specific zonei subcarpatice unde este a\u0219ezat\u0103 comuna \u0219i altitudinii medii cuprinse \u00eentre 530 m \u0219i 650 m, variind dup\u0103 anotimpuri \u0219i \u00eentre epoci de ani. \u00cen luna ianuarie, temperatura medie scade la \u22122\u00a0\u00b0C \u0219i \u22123\u00a0\u00b0C, iar \u00een luna iulie (cea mai c\u0103lduroas\u0103 a anului), urc\u0103 p\u00e2n\u0103 la 12\u201314\u00a0\u00b0C \u0219i chiar mai mult. \u00centre anii 1945\u20131946, ca urmare a unei invazii de aer tropical, temperatura s-a ridicat p\u00e2n\u0103 la aproape 38\u00a0\u00b0C.<\/p>\n<div id=\"content\" class=\"mw-body\">\n<div id=\"bodyContent\" class=\"mw-body-content\">\n<div id=\"mw-content-text\" class=\"mw-content-ltr\" dir=\"ltr\" lang=\"ro\">\n<p>Precipita\u021biile totalizeaz\u0103 un num\u0103r de 700\u2013900 mm anual. Cele mai abundente precipita\u021bii se produc \u00een luna iunie, c\u00e2nd aerul umed de provenien\u021b\u0103 oceanic\u0103, p\u0103trunde p\u00e2n\u0103 \u00een Rom\u00e2nia \u0219i este \u00eenso\u021bit de procese de convec\u021bie ale c\u0103ror consecin\u021be sunt ploile toren\u021biale. Cele mai mici cantit\u0103\u021bi se \u00eenregistreaz\u0103 \u00een primele luni ale anului. \u00cen timpul verii se produc adesea averse de ploaie c\u00e2nd, \u00eentr-o singur\u0103 zi, cantitatea de precipita\u021bii c\u0103zut\u0103 poate dep\u0103\u0219i totalul precipita\u021biilor dintr-o lun\u0103.<\/p>\n<p>\u00cen general, clima se caracterizeaz\u0103 prin temperaturi medii anuale de 6\u00b0\u20139\u00a0\u00b0C (3\u00a0\u00b0C iarna, 9\u00a0\u00b0C prim\u0103vara, 19\u00a0\u00b0C vara \u0219i 10,5\u00a0\u00b0C toamna) cu precipita\u021bii cuprinse \u00eentre 600\u2013800\u00a0mm anual\u0103 \u0219i cu v\u00e2nturi variabile, de care vatra satului din Valea Tei\u0219anilor este ferit\u0103 \u00een general.<\/p>\n<\/div>\n<\/div>\n<\/div>\n<p>&nbsp;<\/p>\n<p>&nbsp;<\/p>\n<\/div>\n<\/div>\n<\/div>\n<p>&nbsp;<\/p>\n<p>&nbsp;<\/p>\n<div id=\"content\" class=\"mw-body\"><\/div>\n<p>&nbsp;<\/p>\n","protected":false},"excerpt":{"rendered":"<p>A\u0219ezare Comuna se afl\u0103 \u00een partea central-nordic\u0103 a jude\u021bului, \u00een zona de deal spre munte, pe malul drept al r\u00e2ului Teleajen, satul de re\u0219edin\u021b\u0103 fiind situat la 6\u00a0km nord de ora\u0219ul V\u0103lenii de Munte. Comuna este str\u0103b\u0103tut\u0103 de \u0219oseaua na\u021bional\u0103 DN1A, care leag\u0103 Ploie\u0219tiul de Bra\u0219ov prin V\u0103lenii de Munte, \u0219osea din care se ramific\u0103 <a class=\"continue\" href=\"https:\/\/teisani.europrahova.eu\/wordpress\/prezentare\/\">[Continue]<\/a><\/p>\n","protected":false},"author":1,"featured_media":0,"parent":0,"menu_order":0,"comment_status":"closed","ping_status":"open","template":"","meta":{"footnotes":""},"class_list":["post-54","page","type-page","status-publish","hentry"],"_links":{"self":[{"href":"https:\/\/teisani.europrahova.eu\/wordpress\/wp-json\/wp\/v2\/pages\/54","targetHints":{"allow":["GET"]}}],"collection":[{"href":"https:\/\/teisani.europrahova.eu\/wordpress\/wp-json\/wp\/v2\/pages"}],"about":[{"href":"https:\/\/teisani.europrahova.eu\/wordpress\/wp-json\/wp\/v2\/types\/page"}],"author":[{"embeddable":true,"href":"https:\/\/teisani.europrahova.eu\/wordpress\/wp-json\/wp\/v2\/users\/1"}],"replies":[{"embeddable":true,"href":"https:\/\/teisani.europrahova.eu\/wordpress\/wp-json\/wp\/v2\/comments?post=54"}],"version-history":[{"count":5,"href":"https:\/\/teisani.europrahova.eu\/wordpress\/wp-json\/wp\/v2\/pages\/54\/revisions"}],"predecessor-version":[{"id":108,"href":"https:\/\/teisani.europrahova.eu\/wordpress\/wp-json\/wp\/v2\/pages\/54\/revisions\/108"}],"wp:attachment":[{"href":"https:\/\/teisani.europrahova.eu\/wordpress\/wp-json\/wp\/v2\/media?parent=54"}],"curies":[{"name":"wp","href":"https:\/\/api.w.org\/{rel}","templated":true}]}}